{"id":26,"date":"2024-10-01T10:10:54","date_gmt":"2024-10-01T10:10:54","guid":{"rendered":"https:\/\/wordpressdev82.dapldevelopment.com\/analuisa\/?page_id=26"},"modified":"2024-11-05T10:38:38","modified_gmt":"2024-11-05T10:38:38","slug":"about","status":"publish","type":"page","link":"https:\/\/wordpressdev82.dapldevelopment.com\/analuisa\/pt\/about\/","title":{"rendered":"Sobre"},"content":{"rendered":"<div data-elementor-type=\"wp-page\" data-elementor-id=\"26\" class=\"elementor elementor-26\" data-elementor-post-type=\"page\">\n\t\t\t\t<div class=\"elementor-element elementor-element-ec642cb e-flex e-con-boxed e-con e-parent\" data-id=\"ec642cb\" data-element_type=\"container\" data-settings=\"{&quot;background_background&quot;:&quot;classic&quot;}\">\n\t\t\t\t\t<div class=\"e-con-inner\">\n\t\t<div class=\"elementor-element elementor-element-490aa4d e-con-full e-flex elementor-invisible e-con e-child\" data-id=\"490aa4d\" data-element_type=\"container\" data-settings=\"{&quot;animation&quot;:&quot;fadeInUp&quot;,&quot;animation_delay&quot;:500}\">\n\t\t\t\t<div class=\"elementor-element elementor-element-4bada52 elementor-widget elementor-widget-heading\" data-id=\"4bada52\" data-element_type=\"widget\" data-widget_type=\"heading.default\">\n\t\t\t\t<div class=\"elementor-widget-container\">\n\t\t\t<h1 class=\"elementor-heading-title elementor-size-default\">Rela\u00e7\u00f5es de longo prazo baseadas em confian\u00e7a e proximidade<\/h1>\t\t<\/div>\n\t\t\t\t<\/div>\n\t\t\t\t<div class=\"elementor-element elementor-element-17d7443 elementor-widget elementor-widget-text-editor\" data-id=\"17d7443\" data-element_type=\"widget\" data-widget_type=\"text-editor.default\">\n\t\t\t\t<div class=\"elementor-widget-container\">\n\t\t\t\t\t\t\tRela\u00e7\u00f5es de longo prazo baseadas em confian\u00e7a e proximidade. Somos um escrit\u00f3rio de Advocacia sediado em Lagos, no Algarve, com mais de 19 anos de experi\u00eancia ao servi\u00e7o do cliente. Aliamos experi\u00eancia, com a proximidade ao cliente, solu\u00e7\u00f5es que v\u00e3o de encontro aos interesses dos nossos clientes. \t\t\t\t\t\t<\/div>\n\t\t\t\t<\/div>\n\t\t\t\t<\/div>\n\t\t\t\t\t<\/div>\n\t\t\t\t<\/div>\n\t\t<div class=\"elementor-element elementor-element-6f82c5e e-flex e-con-boxed e-con e-parent\" data-id=\"6f82c5e\" data-element_type=\"container\" data-settings=\"{&quot;background_background&quot;:&quot;classic&quot;}\">\n\t\t\t\t\t<div class=\"e-con-inner\">\n\t\t\t\t<div class=\"elementor-element elementor-element-3da0dcc elementor-invisible elementor-widget elementor-widget-heading\" data-id=\"3da0dcc\" data-element_type=\"widget\" data-settings=\"{&quot;_animation&quot;:&quot;fadeInUp&quot;,&quot;_animation_delay&quot;:300}\" data-widget_type=\"heading.default\">\n\t\t\t\t<div class=\"elementor-widget-container\">\n\t\t\t<h2 class=\"elementor-heading-title elementor-size-default\">Our Team<\/h2>\t\t<\/div>\n\t\t\t\t<\/div>\n\t\t<div class=\"elementor-element elementor-element-5bcc61b e-con-full e-flex elementor-invisible e-con e-child\" data-id=\"5bcc61b\" data-element_type=\"container\" data-settings=\"{&quot;animation&quot;:&quot;fadeInUp&quot;,&quot;animation_delay&quot;:500}\">\n\t\t\t\t<div class=\"elementor-element elementor-element-dbe46d9 elementor-widget__width-initial elementor-position-top elementor-widget elementor-widget-image-box\" data-id=\"dbe46d9\" data-element_type=\"widget\" data-widget_type=\"image-box.default\">\n\t\t\t\t<div class=\"elementor-widget-container\">\n\t\t\t<div class=\"elementor-image-box-wrapper\"><figure class=\"elementor-image-box-img\"><img fetchpriority=\"high\" decoding=\"async\" width=\"424\" height=\"282\" src=\"https:\/\/wordpressdev82.dapldevelopment.com\/analuisa\/wp-content\/uploads\/2024\/10\/Dra.-Ana-Luisa-Duarte.jpg\" class=\"attachment-full size-full wp-image-268\" alt=\"\" srcset=\"https:\/\/wordpressdev82.dapldevelopment.com\/analuisa\/wp-content\/uploads\/2024\/10\/Dra.-Ana-Luisa-Duarte.jpg 424w, https:\/\/wordpressdev82.dapldevelopment.com\/analuisa\/wp-content\/uploads\/2024\/10\/Dra.-Ana-Luisa-Duarte-300x200.jpg 300w\" sizes=\"(max-width: 424px) 100vw, 424px\" \/><\/figure><div class=\"elementor-image-box-content\"><h3 class=\"elementor-image-box-title\">Ana Lu\u00edsa Duarte<\/h3><p class=\"elementor-image-box-description\">Dra. Ana Lu\u00edsa\u2019s description, the text should be read as follows: Advogada licenciada pela Universidade de Direito, com m\u00e9dia final de 14 valores; Estagiou num escrit\u00f3rio de Advocacia durante cerca de dois anos e meio e, em 2005 abriu o seu pr\u00f3prio escrit\u00f3rio, at\u00e9 \u00e0 presente data. Tem como \u00e1rea de actua\u00e7\u00e3o primordial o Direito Imobili\u00e1rio e \u00e9 fluente em Ingl\u00eas.\n<br>\n<a href=\"mailto:ana.duarte@aldlawoffice.com\">ana.duarte@aldlawoffice.com<\/a><\/p><\/div><\/div>\t\t<\/div>\n\t\t\t\t<\/div>\n\t\t\t\t<div class=\"elementor-element elementor-element-446646e elementor-widget__width-initial elementor-position-top elementor-widget elementor-widget-image-box\" data-id=\"446646e\" data-element_type=\"widget\" data-widget_type=\"image-box.default\">\n\t\t\t\t<div class=\"elementor-widget-container\">\n\t\t\t<div class=\"elementor-image-box-wrapper\"><figure class=\"elementor-image-box-img\"><img decoding=\"async\" width=\"424\" height=\"282\" src=\"https:\/\/wordpressdev82.dapldevelopment.com\/analuisa\/wp-content\/uploads\/2024\/10\/Daniela-Cravinho.jpg\" class=\"attachment-full size-full wp-image-269\" alt=\"\" srcset=\"https:\/\/wordpressdev82.dapldevelopment.com\/analuisa\/wp-content\/uploads\/2024\/10\/Daniela-Cravinho.jpg 424w, https:\/\/wordpressdev82.dapldevelopment.com\/analuisa\/wp-content\/uploads\/2024\/10\/Daniela-Cravinho-300x200.jpg 300w\" sizes=\"(max-width: 424px) 100vw, 424px\" \/><\/figure><div class=\"elementor-image-box-content\"><h3 class=\"elementor-image-box-title\">Daniela Cravinho<\/h3><p class=\"elementor-image-box-description\">Assistente Administrativa e estudante de Direito\n<br>\n<a href=\"mailto:daniela@aldlawoffice.com\">daniela@aldlawoffice.com<\/a><\/p><\/div><\/div>\t\t<\/div>\n\t\t\t\t<\/div>\n\t\t\t\t<\/div>\n\t\t<div class=\"elementor-element elementor-element-94ad25a e-con-full e-flex elementor-invisible e-con e-child\" data-id=\"94ad25a\" data-element_type=\"container\" data-settings=\"{&quot;animation&quot;:&quot;fadeInUp&quot;,&quot;animation_delay&quot;:700}\">\n\t\t\t\t<div class=\"elementor-element elementor-element-4abc1cc elementor-widget__width-initial elementor-position-top elementor-widget elementor-widget-image-box\" data-id=\"4abc1cc\" data-element_type=\"widget\" data-widget_type=\"image-box.default\">\n\t\t\t\t<div class=\"elementor-widget-container\">\n\t\t\t<div class=\"elementor-image-box-wrapper\"><figure class=\"elementor-image-box-img\"><img decoding=\"async\" width=\"424\" height=\"282\" src=\"https:\/\/wordpressdev82.dapldevelopment.com\/analuisa\/wp-content\/uploads\/2024\/10\/Joana-Alfarroba.jpg\" class=\"attachment-full size-full wp-image-267\" alt=\"\" srcset=\"https:\/\/wordpressdev82.dapldevelopment.com\/analuisa\/wp-content\/uploads\/2024\/10\/Joana-Alfarroba.jpg 424w, https:\/\/wordpressdev82.dapldevelopment.com\/analuisa\/wp-content\/uploads\/2024\/10\/Joana-Alfarroba-300x200.jpg 300w\" sizes=\"(max-width: 424px) 100vw, 424px\" \/><\/figure><div class=\"elementor-image-box-content\"><h3 class=\"elementor-image-box-title\">Joana Alfarroba<\/h3><p class=\"elementor-image-box-description\">Front desk\n<br>\n<a href=\"mailto:geral@aldlawoffice.com\">geral@aldlawoffice.com<\/a><\/p><\/div><\/div>\t\t<\/div>\n\t\t\t\t<\/div>\n\t\t\t\t<div class=\"elementor-element elementor-element-c38f9e3 elementor-widget__width-initial elementor-position-top elementor-widget elementor-widget-image-box\" data-id=\"c38f9e3\" data-element_type=\"widget\" data-widget_type=\"image-box.default\">\n\t\t\t\t<div class=\"elementor-widget-container\">\n\t\t\t<div class=\"elementor-image-box-wrapper\"><figure class=\"elementor-image-box-img\"><img loading=\"lazy\" decoding=\"async\" width=\"424\" height=\"282\" src=\"https:\/\/wordpressdev82.dapldevelopment.com\/analuisa\/wp-content\/uploads\/2024\/10\/Filomena-Estulano.jpg\" class=\"attachment-full size-full wp-image-270\" alt=\"\" srcset=\"https:\/\/wordpressdev82.dapldevelopment.com\/analuisa\/wp-content\/uploads\/2024\/10\/Filomena-Estulano.jpg 424w, https:\/\/wordpressdev82.dapldevelopment.com\/analuisa\/wp-content\/uploads\/2024\/10\/Filomena-Estulano-300x200.jpg 300w\" sizes=\"(max-width: 424px) 100vw, 424px\" \/><\/figure><div class=\"elementor-image-box-content\"><h3 class=\"elementor-image-box-title\">Filomena Estulano<\/h3><p class=\"elementor-image-box-description\">Assistente Administrativa \u2013 Back office\n<br>\n<a href=\"mailto:filomena.lopes@aldlawoffice.com\">filomena.lopes@aldlawoffice.com<\/a><\/p><\/div><\/div>\t\t<\/div>\n\t\t\t\t<\/div>\n\t\t\t\t<\/div>\n\t\t\t\t\t<\/div>\n\t\t\t\t<\/div>\n\t\t\t\t<\/div>","protected":false},"excerpt":{"rendered":"<p>Long-term relationships based on trust and closeness We are a Law office based in Lagos, Algarve, with over 19 years of experience, helping the clients. We combine experience with proximity to the client, in order to find solutions that meet their interests. Our Team Ana Lu\u00edsa Duarte A graduate of the University of Law with [&hellip;]<\/p>","protected":false},"author":1,"featured_media":0,"parent":0,"menu_order":0,"comment_status":"closed","ping_status":"closed","template":"elementor_header_footer","meta":{"inline_featured_image":false,"footnotes":""},"class_list":["post-26","page","type-page","status-publish","hentry"],"_links":{"self":[{"href":"https:\/\/wordpressdev82.dapldevelopment.com\/analuisa\/pt\/wp-json\/wp\/v2\/pages\/26","targetHints":{"allow":["GET"]}}],"collection":[{"href":"https:\/\/wordpressdev82.dapldevelopment.com\/analuisa\/pt\/wp-json\/wp\/v2\/pages"}],"about":[{"href":"https:\/\/wordpressdev82.dapldevelopment.com\/analuisa\/pt\/wp-json\/wp\/v2\/types\/page"}],"author":[{"embeddable":true,"href":"https:\/\/wordpressdev82.dapldevelopment.com\/analuisa\/pt\/wp-json\/wp\/v2\/users\/1"}],"replies":[{"embeddable":true,"href":"https:\/\/wordpressdev82.dapldevelopment.com\/analuisa\/pt\/wp-json\/wp\/v2\/comments?post=26"}],"version-history":[{"count":106,"href":"https:\/\/wordpressdev82.dapldevelopment.com\/analuisa\/pt\/wp-json\/wp\/v2\/pages\/26\/revisions"}],"predecessor-version":[{"id":798,"href":"https:\/\/wordpressdev82.dapldevelopment.com\/analuisa\/pt\/wp-json\/wp\/v2\/pages\/26\/revisions\/798"}],"wp:attachment":[{"href":"https:\/\/wordpressdev82.dapldevelopment.com\/analuisa\/pt\/wp-json\/wp\/v2\/media?parent=26"}],"curies":[{"name":"wp","href":"https:\/\/api.w.org\/{rel}","templated":true}]}}